{"id":1645,"date":"2023-01-10T08:36:34","date_gmt":"2023-01-10T08:36:34","guid":{"rendered":"https:\/\/paulhair.qodeinteractive.com\/?page_id=1645"},"modified":"2025-10-22T09:13:53","modified_gmt":"2025-10-22T09:13:53","slug":"contact-us","status":"publish","type":"page","link":"https:\/\/conchisbeauty.com\/?page_id=1645","title":{"rendered":"contact us"},"content":{"rendered":"\t\t<div data-elementor-type=\"wp-page\" data-elementor-id=\"1645\" class=\"elementor elementor-1645\">\n\t\t\t\t\t\t<section class=\"elementor-section elementor-top-section elementor-element elementor-element-88c9d3c elementor-section-full_width elementor-section-height-default elementor-section-height-default\" data-id=\"88c9d3c\" data-element_type=\"section\" data-e-type=\"section\">\n\t\t\t\t\t\t<div class=\"elementor-container elementor-column-gap-default\">\n\t\t\t\t\t<div class=\"elementor-column elementor-col-100 elementor-top-column elementor-element elementor-element-24a7e3e\" data-id=\"24a7e3e\" data-element_type=\"column\" data-e-type=\"column\">\n\t\t\t<div class=\"elementor-widget-wrap elementor-element-populated\">\n\t\t\t\t\t\t<div class=\"elementor-element elementor-element-ca46e33 elementor-widget elementor-widget-paulhair_core_google_map\" data-id=\"ca46e33\" data-element_type=\"widget\" data-e-type=\"widget\" data-widget_type=\"paulhair_core_google_map.default\">\n\t\t\t\t<div class=\"elementor-widget-container\">\n\t\t\t\t\t<div class=\"qodef-shortcode qodef-m qodef-google-map\">\n\t<div class=\"qodef-m-map\" id=\"qodef-map-id--349\" data-addresses='[\"https:\/\/www.google.com\/maps\/place\/1838+Howard+Rd+ste+B,+Madera,+CA+93637,+USA\/@36.9525083,-120.0810237,48m\/data=!3m1!1e3!4m6!3m5!1s0x80940b9cffa15231:0x6d7d93bb3ea33f18!8m2!3d36.9525321!4d-120.0808547!16s%2Fg%2F11kjp1rsyj?entry=ttu&amp;g_ep=EgoyMDI1MTAxNC4wIKXMDSoASAFQAw%3D%3D\"]' data-pin=https:\/\/conchisbeauty.com\/wp-content\/uploads\/2025\/10\/map-icon-p.webp data-unique-id=349 data-height=650><\/div>\n<\/div>\n\t\t\t\t<\/div>\n\t\t\t\t<\/div>\n\t\t\t\t\t<\/div>\n\t\t<\/div>\n\t\t\t\t\t<\/div>\n\t\t<\/section>\n\t\t\t\t<section class=\"elementor-section elementor-top-section elementor-element elementor-element-3048d35 qodef-elementor-content-grid elementor-section-boxed elementor-section-height-default elementor-section-height-default\" data-id=\"3048d35\" data-element_type=\"section\" data-e-type=\"section\">\n\t\t\t\t\t\t<div class=\"elementor-container elementor-column-gap-default\">\n\t\t\t\t\t<div class=\"elementor-column elementor-col-100 elementor-top-column elementor-element elementor-element-4b172c3\" data-id=\"4b172c3\" data-element_type=\"column\" data-e-type=\"column\">\n\t\t\t<div class=\"elementor-widget-wrap elementor-element-populated\">\n\t\t\t\t\t\t<div class=\"elementor-element elementor-element-46db107 elementor-widget elementor-widget-paulhair_core_section_title\" data-id=\"46db107\" data-element_type=\"widget\" data-e-type=\"widget\" data-widget_type=\"paulhair_core_section_title.default\">\n\t\t\t\t<div class=\"elementor-widget-container\">\n\t\t\t\t\t<div class=\"qodef-shortcode qodef-m qodef-section-title qodef-alignment--center\">\n\t\t\t<h2 class=\"qodef-m-title\" >\n\t\t\t\t\tCont\u00e1ctanos\t\t\t<\/h2>\n\t\t<p class=\"qodef-m-text\" style=\"margin-top: 14px\">Creemos tu look perfecto. Ponte en contacto con nosotros hoy.<\/p>\n<\/div>\n\t\t\t\t<\/div>\n\t\t\t\t<\/div>\n\t\t\t\t\t<\/div>\n\t\t<\/div>\n\t\t\t\t\t<\/div>\n\t\t<\/section>\n\t\t\t\t<section class=\"elementor-section elementor-top-section elementor-element elementor-element-9636c8f elementor-section-full_width qodef-elementor-content-grid elementor-section-height-default elementor-section-height-default\" data-id=\"9636c8f\" data-element_type=\"section\" data-e-type=\"section\">\n\t\t\t\t\t\t<div class=\"elementor-container elementor-column-gap-default\">\n\t\t\t\t\t<div class=\"elementor-column elementor-col-100 elementor-top-column elementor-element elementor-element-a4d835e\" data-id=\"a4d835e\" data-element_type=\"column\" data-e-type=\"column\">\n\t\t\t<div class=\"elementor-widget-wrap elementor-element-populated\">\n\t\t\t\t\t\t<div class=\"elementor-element elementor-element-fac089e elementor-widget elementor-widget-wp-widget-paulhair_core_contact_form_7\" data-id=\"fac089e\" data-element_type=\"widget\" data-e-type=\"widget\" data-widget_type=\"wp-widget-paulhair_core_contact_form_7.default\">\n\t\t\t\t<div class=\"elementor-widget-container\">\n\t\t\t\t\t\t\t\t<div class=\"qodef-contact-form-7\">\n\t\t\t\t\n<div class=\"wpcf7 no-js\" id=\"wpcf7-f4567-o1\" lang=\"en-US\" dir=\"ltr\" data-wpcf7-id=\"4567\">\n<div class=\"screen-reader-response\"><p role=\"status\" aria-live=\"polite\" aria-atomic=\"true\"><\/p> <ul><\/ul><\/div>\n<form action=\"\/index.php?rest_route=%2Fwp%2Fv2%2Fpages%2F1645#wpcf7-f4567-o1\" method=\"post\" class=\"wpcf7-form init demo\" aria-label=\"Contact form\" novalidate=\"novalidate\" data-status=\"init\">\n<fieldset class=\"hidden-fields-container\"><input type=\"hidden\" name=\"_wpcf7\" value=\"4567\" \/><input type=\"hidden\" name=\"_wpcf7_version\" value=\"6.1.5\" \/><input type=\"hidden\" name=\"_wpcf7_locale\" value=\"en_US\" \/><input type=\"hidden\" name=\"_wpcf7_unit_tag\" value=\"wpcf7-f4567-o1\" \/><input type=\"hidden\" name=\"_wpcf7_container_post\" value=\"0\" \/><input type=\"hidden\" name=\"_wpcf7_posted_data_hash\" value=\"\" \/>\n<\/fieldset>\n<label> Your name\n    <span class=\"wpcf7-form-control-wrap\" data-name=\"your-name\"><input size=\"40\" maxlength=\"400\" class=\"wpcf7-form-control wpcf7-text wpcf7-validates-as-required\" aria-required=\"true\" aria-invalid=\"false\" value=\"\" type=\"text\" name=\"your-name\" \/><\/span> <\/label>\n\n<label> Your email\n    <span class=\"wpcf7-form-control-wrap\" data-name=\"your-email\"><input size=\"40\" maxlength=\"400\" class=\"wpcf7-form-control wpcf7-email wpcf7-validates-as-required wpcf7-text wpcf7-validates-as-email\" aria-required=\"true\" aria-invalid=\"false\" value=\"\" type=\"email\" name=\"your-email\" \/><\/span> <\/label>\n\n<label> Subject\n    <span class=\"wpcf7-form-control-wrap\" data-name=\"your-subject\"><input size=\"40\" maxlength=\"400\" class=\"wpcf7-form-control wpcf7-text wpcf7-validates-as-required\" aria-required=\"true\" aria-invalid=\"false\" value=\"\" type=\"text\" name=\"your-subject\" \/><\/span> <\/label>\n\n<label> Your message (optional)\n    <span class=\"wpcf7-form-control-wrap\" data-name=\"your-message\"><textarea cols=\"40\" rows=\"10\" maxlength=\"2000\" class=\"wpcf7-form-control wpcf7-textarea\" aria-invalid=\"false\" name=\"your-message\"><\/textarea><\/span> <\/label>\n\n<button class=\"wpcf7-form-control wpcf7-submit qodef-button qodef-size--normal qodef-layout--filled qodef-m\" type=\"submit\"><span class=\"qodef-m-text\">Submit<\/span><\/button><div class=\"wpcf7-response-output\" aria-hidden=\"true\"><\/div>\n<\/form>\n<\/div>\n\t\t\t<\/div>\n\t\t\t\t\t\t\t<\/div>\n\t\t\t\t<\/div>\n\t\t\t\t\t<\/div>\n\t\t<\/div>\n\t\t\t\t\t<\/div>\n\t\t<\/section>\n\t\t\t\t<section class=\"elementor-section elementor-top-section elementor-element elementor-element-f6f96ad elementor-section-full_width qodef-elementor-content-grid qodef-extended-grid qodef-extended-grid--right qodef-extended-grid-disabled--1024 elementor-section-height-default elementor-section-height-default\" data-id=\"f6f96ad\" data-element_type=\"section\" data-e-type=\"section\" data-settings=\"{&quot;background_background&quot;:&quot;classic&quot;}\">\n\t\t\t\t\t\t<div class=\"elementor-container elementor-column-gap-default\">\n\t\t\t\t\t<div class=\"qodef-background-text elementor-column elementor-col-50 elementor-top-column elementor-element elementor-element-7e12713 qodef-background-text-disabled-on-mobile-devices--no\" data-id=\"7e12713\" data-element_type=\"column\" data-e-type=\"column\">\n\t\t\t<div class=\"elementor-widget-wrap elementor-element-populated\">\n\t\t\t\t\t\t<div class=\"elementor-element elementor-element-c093869 elementor-widget elementor-widget-paulhair_core_section_title\" data-id=\"c093869\" data-element_type=\"widget\" data-e-type=\"widget\" data-widget_type=\"paulhair_core_section_title.default\">\n\t\t\t\t<div class=\"elementor-widget-container\">\n\t\t\t\t\t<div class=\"qodef-shortcode qodef-m qodef-section-title qodef-alignment--left\">\n\t\t\t<h3 class=\"qodef-m-title\" >\n\t\t\t\t\tVis\u00edtanos o ll\u00e1manos\t\t\t<\/h3>\n\t<\/div>\n\t\t\t\t<\/div>\n\t\t\t\t<\/div>\n\t\t\t\t<div class=\"elementor-element elementor-element-919d645 elementor-widget elementor-widget-text-editor\" data-id=\"919d645\" data-element_type=\"widget\" data-e-type=\"widget\" data-widget_type=\"text-editor.default\">\n\t\t\t\t\t\t\t\t\t<p>Creemos tu look perfecto. Ponte en contacto con nosotros hoy.<\/p>\t\t\t\t\t\t\t\t<\/div>\n\t\t\t\t<section class=\"elementor-section elementor-inner-section elementor-element elementor-element-5350a80 elementor-section-boxed elementor-section-height-default elementor-section-height-default\" data-id=\"5350a80\" data-element_type=\"section\" data-e-type=\"section\">\n\t\t\t\t\t\t<div class=\"elementor-container elementor-column-gap-default\">\n\t\t\t\t\t<div class=\"elementor-column elementor-col-100 elementor-inner-column elementor-element elementor-element-b6e01ce\" data-id=\"b6e01ce\" data-element_type=\"column\" data-e-type=\"column\">\n\t\t\t<div class=\"elementor-widget-wrap elementor-element-populated\">\n\t\t\t\t\t\t<div class=\"elementor-element elementor-element-d4eb906 elementor-widget elementor-widget-paulhair_core_section_title\" data-id=\"d4eb906\" data-element_type=\"widget\" data-e-type=\"widget\" data-widget_type=\"paulhair_core_section_title.default\">\n\t\t\t\t<div class=\"elementor-widget-container\">\n\t\t\t\t\t<div class=\"qodef-shortcode qodef-m qodef-section-title qodef-alignment--left\">\n\t\t\t<h6 class=\"qodef-m-title\" >\n\t\t\t\t\tMadera\t\t\t<\/h6>\n\t<\/div>\n\t\t\t\t<\/div>\n\t\t\t\t<\/div>\n\t\t\t\t<div class=\"elementor-element elementor-element-25b1868 elementor-widget elementor-widget-text-editor\" data-id=\"25b1868\" data-element_type=\"widget\" data-e-type=\"widget\" data-widget_type=\"text-editor.default\">\n\t\t\t\t\t\t\t\t\t<p>Address: 1838 Howard Rd STE B<br \/>Madera, CA 93637<\/p>\t\t\t\t\t\t\t\t<\/div>\n\t\t\t\t<div class=\"elementor-element elementor-element-2929e1b elementor-widget elementor-widget-text-editor\" data-id=\"2929e1b\" data-element_type=\"widget\" data-e-type=\"widget\" data-widget_type=\"text-editor.default\">\n\t\t\t\t\t\t\t\t\t<p>Email: <a href=\"mailto:paulhair@example.com\">conchisbeauty@gmail.com<\/a><\/p>\t\t\t\t\t\t\t\t<\/div>\n\t\t\t\t<div class=\"elementor-element elementor-element-f056f7f elementor-widget elementor-widget-text-editor\" data-id=\"f056f7f\" data-element_type=\"widget\" data-e-type=\"widget\" data-widget_type=\"text-editor.default\">\n\t\t\t\t\t\t\t\t\t<p>Telephone: (<a href=\"tel:5594783682\">559) 478-3682<\/a><\/p>\t\t\t\t\t\t\t\t<\/div>\n\t\t\t\t\t<\/div>\n\t\t<\/div>\n\t\t\t\t\t<\/div>\n\t\t<\/section>\n\t\t\t\t\t<\/div>\n\t\t<\/div>\n\t\t\t\t<div class=\"elementor-column elementor-col-50 elementor-top-column elementor-element elementor-element-e527136\" data-id=\"e527136\" data-element_type=\"column\" data-e-type=\"column\">\n\t\t\t<div class=\"elementor-widget-wrap elementor-element-populated\">\n\t\t\t\t\t\t<div class=\"elementor-element elementor-element-a711072 elementor-widget elementor-widget-paulhair_core_single_image\" data-id=\"a711072\" data-element_type=\"widget\" data-e-type=\"widget\" data-widget_type=\"paulhair_core_single_image.default\">\n\t\t\t\t<div class=\"elementor-widget-container\">\n\t\t\t\t\t<div class=\"qodef-shortcode qodef-m qodef-single-image qodef-layout--default\">\n\t\t\t<div class=\"qodef-m-image\" >\n\t\t\t\t\t\t\t\t<img fetchpriority=\"high\" decoding=\"async\" width=\"1000\" height=\"601\" src=\"https:\/\/conchisbeauty.com\/wp-content\/uploads\/2022\/12\/main-home-single-img-01.jpg\" class=\"attachment-full size-full\" alt=\"s\" srcset=\"https:\/\/conchisbeauty.com\/wp-content\/uploads\/2022\/12\/main-home-single-img-01.jpg 1000w, https:\/\/conchisbeauty.com\/wp-content\/uploads\/2022\/12\/main-home-single-img-01-300x180.jpg 300w, https:\/\/conchisbeauty.com\/wp-content\/uploads\/2022\/12\/main-home-single-img-01-768x462.jpg 768w, https:\/\/conchisbeauty.com\/wp-content\/uploads\/2022\/12\/main-home-single-img-01-600x361.jpg 600w\" sizes=\"(max-width: 1000px) 100vw, 1000px\" \/>\t\t\t\t\t\t\t<\/div>\n\t<\/div>\n\t\t\t\t<\/div>\n\t\t\t\t<\/div>\n\t\t\t\t\t<\/div>\n\t\t<\/div>\n\t\t\t\t\t<\/div>\n\t\t<\/section>\n\t\t\t\t<section class=\"elementor-section elementor-top-section elementor-element elementor-element-f7ba544 elementor-section-full_width qodef-elementor-content-grid elementor-section-height-default elementor-section-height-default\" data-id=\"f7ba544\" data-element_type=\"section\" data-e-type=\"section\" data-settings=\"{&quot;background_background&quot;:&quot;classic&quot;}\">\n\t\t\t\t\t\t<div class=\"elementor-container elementor-column-gap-default\">\n\t\t\t\t\t<div class=\"elementor-column elementor-col-100 elementor-top-column elementor-element elementor-element-1b5bae9\" data-id=\"1b5bae9\" data-element_type=\"column\" data-e-type=\"column\">\n\t\t\t<div class=\"elementor-widget-wrap elementor-element-populated\">\n\t\t\t\t\t\t<div class=\"elementor-element elementor-element-5a220b6 elementor-widget elementor-widget-paulhair_core_section_title\" data-id=\"5a220b6\" data-element_type=\"widget\" data-e-type=\"widget\" data-widget_type=\"paulhair_core_section_title.default\">\n\t\t\t\t<div class=\"elementor-widget-container\">\n\t\t\t\t\t<div class=\"qodef-shortcode qodef-m qodef-section-title qodef-alignment--center\">\n\t\t\t<h3 class=\"qodef-m-title\" >\n\t\t\t\t\tDeja que tu cabello brille con ofertas especiales! Suscr\u00edbete!\t\t\t<\/h3>\n\t<\/div>\n\t\t\t\t<\/div>\n\t\t\t\t<\/div>\n\t\t\t\t\t<\/div>\n\t\t<\/div>\n\t\t\t\t\t<\/div>\n\t\t<\/section>\n\t\t\t\t<section class=\"elementor-section elementor-top-section elementor-element elementor-element-30f4eb4 elementor-section-full_width qodef-elementor-content-grid elementor-section-height-default elementor-section-height-default\" data-id=\"30f4eb4\" data-element_type=\"section\" data-e-type=\"section\">\n\t\t\t\t\t\t<div class=\"elementor-container elementor-column-gap-default\">\n\t\t\t\t\t<div class=\"qodef-background-text elementor-column elementor-col-100 elementor-top-column elementor-element elementor-element-c499267 qodef-background-text-disabled-on-mobile-devices--no\" data-id=\"c499267\" data-element_type=\"column\" data-e-type=\"column\">\n\t\t\t<div class=\"elementor-widget-wrap elementor-element-populated\">\n\t\t\t\t\t\t<div class=\"elementor-element elementor-element-7b65c51 elementor-widget elementor-widget-wp-widget-paulhair_core_contact_form_7\" data-id=\"7b65c51\" data-element_type=\"widget\" data-e-type=\"widget\" data-widget_type=\"wp-widget-paulhair_core_contact_form_7.default\">\n\t\t\t\t<div class=\"elementor-widget-container\">\n\t\t\t\t\t\t\t\t<div class=\"qodef-contact-form-7\">\n\t\t\t\t\n<div class=\"wpcf7 no-js\" id=\"wpcf7-f16-o2\" lang=\"en-US\" dir=\"ltr\" data-wpcf7-id=\"16\">\n<div class=\"screen-reader-response\"><p role=\"status\" aria-live=\"polite\" aria-atomic=\"true\"><\/p> <ul><\/ul><\/div>\n<form action=\"\/index.php?rest_route=%2Fwp%2Fv2%2Fpages%2F1645#wpcf7-f16-o2\" method=\"post\" class=\"wpcf7-form init demo\" aria-label=\"Contact form\" novalidate=\"novalidate\" data-status=\"init\">\n<fieldset class=\"hidden-fields-container\"><input type=\"hidden\" name=\"_wpcf7\" value=\"16\" \/><input type=\"hidden\" name=\"_wpcf7_version\" value=\"6.1.5\" \/><input type=\"hidden\" name=\"_wpcf7_locale\" value=\"en_US\" \/><input type=\"hidden\" name=\"_wpcf7_unit_tag\" value=\"wpcf7-f16-o2\" \/><input type=\"hidden\" name=\"_wpcf7_container_post\" value=\"0\" \/><input type=\"hidden\" name=\"_wpcf7_posted_data_hash\" value=\"\" \/>\n<\/fieldset>\n<div class=\"qodef-contact-form-subscribe\">\n    <div class=\"qodef-col\"><span class=\"wpcf7-form-control-wrap\" data-name=\"your-email\"><input size=\"40\" maxlength=\"400\" class=\"wpcf7-form-control wpcf7-email wpcf7-validates-as-required wpcf7-text wpcf7-validates-as-email\" aria-required=\"true\" aria-invalid=\"false\" placeholder=\"Enter e-mail address\" value=\"\" type=\"email\" name=\"your-email\" \/><\/span><\/div>\n<div class=\"qodef-submit-holder\">\n    <div> <button class=\"wpcf7-form-control wpcf7-submit qodef-button qodef-size--normal qodef-layout--filled qodef-m\" type=\"submit\"><span class=\"qodef-m-text\">Subscribe<\/span><\/button><\/div>\n<\/div><\/div><div class=\"wpcf7-response-output\" aria-hidden=\"true\"><\/div>\n<\/form>\n<\/div>\n\t\t\t<\/div>\n\t\t\t\t\t\t\t<\/div>\n\t\t\t\t<\/div>\n\t\t\t\t\t<\/div>\n\t\t<\/div>\n\t\t\t\t\t<\/div>\n\t\t<\/section>\n\t\t\t\t<\/div>\n\t\t","protected":false},"excerpt":{"rendered":"<p>Contacta con nosotras Contacta con nosotras Contacta con nosotras Cont\u00e1ctanos Creemos tu look perfecto. Ponte en contacto con nosotros hoy. Vis\u00edtanos o ll\u00e1manos Creemos tu look perfecto. Ponte en contacto con nosotros hoy. Madera Address: 1838 Howard Rd STE BMadera, CA 93637 Email: conchisbeauty@gmail.com Telephone: (559) 478-3682 Deja que tu cabello brille con ofertas especiales! [&hellip;]<\/p>\n","protected":false},"author":1,"featured_media":0,"parent":0,"menu_order":0,"comment_status":"closed","ping_status":"closed","template":"page-full-width.php","meta":{"footnotes":""},"class_list":["post-1645","page","type-page","status-publish","hentry"],"yoast_head":"<!-- This site is optimized with the Yoast SEO plugin v27.4 - https:\/\/yoast.com\/product\/yoast-seo-wordpress\/ -->\n<title>contact us - conchis beauty<\/title>\n<meta name=\"robots\" content=\"index, follow, max-snippet:-1, max-image-preview:large, max-video-preview:-1\" \/>\n<link rel=\"canonical\" href=\"https:\/\/conchisbeauty.com\/?page_id=1645\" \/>\n<meta property=\"og:locale\" content=\"en_US\" \/>\n<meta property=\"og:type\" content=\"article\" \/>\n<meta property=\"og:title\" content=\"contact us - conchis beauty\" \/>\n<meta property=\"og:description\" content=\"Contacta con nosotras Contacta con nosotras Contacta con nosotras Cont\u00e1ctanos Creemos tu look perfecto. Ponte en contacto con nosotros hoy. Vis\u00edtanos o ll\u00e1manos Creemos tu look perfecto. Ponte en contacto con nosotros hoy. Madera Address: 1838 Howard Rd STE BMadera, CA 93637 Email: conchisbeauty@gmail.com Telephone: (559) 478-3682 Deja que tu cabello brille con ofertas especiales! [&hellip;]\" \/>\n<meta property=\"og:url\" content=\"https:\/\/conchisbeauty.com\/?page_id=1645\" \/>\n<meta property=\"og:site_name\" content=\"conchis beauty\" \/>\n<meta property=\"article:modified_time\" content=\"2025-10-22T09:13:53+00:00\" \/>\n<meta property=\"og:image\" content=\"https:\/\/conchisbeauty.com\/wp-content\/uploads\/2022\/12\/main-home-single-img-01.jpg\" \/>\n<meta name=\"twitter:card\" content=\"summary_large_image\" \/>\n<script type=\"application\/ld+json\" class=\"yoast-schema-graph\">{\"@context\":\"https:\\\/\\\/schema.org\",\"@graph\":[{\"@type\":\"WebPage\",\"@id\":\"https:\\\/\\\/conchisbeauty.com\\\/?page_id=1645\",\"url\":\"https:\\\/\\\/conchisbeauty.com\\\/?page_id=1645\",\"name\":\"contact us - conchis beauty\",\"isPartOf\":{\"@id\":\"https:\\\/\\\/conchisbeauty.com\\\/#website\"},\"primaryImageOfPage\":{\"@id\":\"https:\\\/\\\/conchisbeauty.com\\\/?page_id=1645#primaryimage\"},\"image\":{\"@id\":\"https:\\\/\\\/conchisbeauty.com\\\/?page_id=1645#primaryimage\"},\"thumbnailUrl\":\"https:\\\/\\\/conchisbeauty.com\\\/wp-content\\\/uploads\\\/2022\\\/12\\\/main-home-single-img-01.jpg\",\"datePublished\":\"2023-01-10T08:36:34+00:00\",\"dateModified\":\"2025-10-22T09:13:53+00:00\",\"breadcrumb\":{\"@id\":\"https:\\\/\\\/conchisbeauty.com\\\/?page_id=1645#breadcrumb\"},\"inLanguage\":\"en-US\",\"potentialAction\":[{\"@type\":\"ReadAction\",\"target\":[\"https:\\\/\\\/conchisbeauty.com\\\/?page_id=1645\"]}]},{\"@type\":\"ImageObject\",\"inLanguage\":\"en-US\",\"@id\":\"https:\\\/\\\/conchisbeauty.com\\\/?page_id=1645#primaryimage\",\"url\":\"https:\\\/\\\/conchisbeauty.com\\\/wp-content\\\/uploads\\\/2022\\\/12\\\/main-home-single-img-01.jpg\",\"contentUrl\":\"https:\\\/\\\/conchisbeauty.com\\\/wp-content\\\/uploads\\\/2022\\\/12\\\/main-home-single-img-01.jpg\",\"width\":1000,\"height\":601,\"caption\":\"s\"},{\"@type\":\"BreadcrumbList\",\"@id\":\"https:\\\/\\\/conchisbeauty.com\\\/?page_id=1645#breadcrumb\",\"itemListElement\":[{\"@type\":\"ListItem\",\"position\":1,\"name\":\"Home\",\"item\":\"https:\\\/\\\/conchisbeauty.com\\\/\"},{\"@type\":\"ListItem\",\"position\":2,\"name\":\"contact us\"}]},{\"@type\":\"WebSite\",\"@id\":\"https:\\\/\\\/conchisbeauty.com\\\/#website\",\"url\":\"https:\\\/\\\/conchisbeauty.com\\\/\",\"name\":\"conchis beauty\",\"description\":\"\",\"potentialAction\":[{\"@type\":\"SearchAction\",\"target\":{\"@type\":\"EntryPoint\",\"urlTemplate\":\"https:\\\/\\\/conchisbeauty.com\\\/?s={search_term_string}\"},\"query-input\":{\"@type\":\"PropertyValueSpecification\",\"valueRequired\":true,\"valueName\":\"search_term_string\"}}],\"inLanguage\":\"en-US\"}]}<\/script>\n<!-- \/ Yoast SEO plugin. -->","yoast_head_json":{"title":"contact us - conchis beauty","robots":{"index":"index","follow":"follow","max-snippet":"max-snippet:-1","max-image-preview":"max-image-preview:large","max-video-preview":"max-video-preview:-1"},"canonical":"https:\/\/conchisbeauty.com\/?page_id=1645","og_locale":"en_US","og_type":"article","og_title":"contact us - conchis beauty","og_description":"Contacta con nosotras Contacta con nosotras Contacta con nosotras Cont\u00e1ctanos Creemos tu look perfecto. Ponte en contacto con nosotros hoy. Vis\u00edtanos o ll\u00e1manos Creemos tu look perfecto. Ponte en contacto con nosotros hoy. Madera Address: 1838 Howard Rd STE BMadera, CA 93637 Email: conchisbeauty@gmail.com Telephone: (559) 478-3682 Deja que tu cabello brille con ofertas especiales! [&hellip;]","og_url":"https:\/\/conchisbeauty.com\/?page_id=1645","og_site_name":"conchis beauty","article_modified_time":"2025-10-22T09:13:53+00:00","og_image":[{"url":"https:\/\/conchisbeauty.com\/wp-content\/uploads\/2022\/12\/main-home-single-img-01.jpg","type":"","width":"","height":""}],"twitter_card":"summary_large_image","schema":{"@context":"https:\/\/schema.org","@graph":[{"@type":"WebPage","@id":"https:\/\/conchisbeauty.com\/?page_id=1645","url":"https:\/\/conchisbeauty.com\/?page_id=1645","name":"contact us - conchis beauty","isPartOf":{"@id":"https:\/\/conchisbeauty.com\/#website"},"primaryImageOfPage":{"@id":"https:\/\/conchisbeauty.com\/?page_id=1645#primaryimage"},"image":{"@id":"https:\/\/conchisbeauty.com\/?page_id=1645#primaryimage"},"thumbnailUrl":"https:\/\/conchisbeauty.com\/wp-content\/uploads\/2022\/12\/main-home-single-img-01.jpg","datePublished":"2023-01-10T08:36:34+00:00","dateModified":"2025-10-22T09:13:53+00:00","breadcrumb":{"@id":"https:\/\/conchisbeauty.com\/?page_id=1645#breadcrumb"},"inLanguage":"en-US","potentialAction":[{"@type":"ReadAction","target":["https:\/\/conchisbeauty.com\/?page_id=1645"]}]},{"@type":"ImageObject","inLanguage":"en-US","@id":"https:\/\/conchisbeauty.com\/?page_id=1645#primaryimage","url":"https:\/\/conchisbeauty.com\/wp-content\/uploads\/2022\/12\/main-home-single-img-01.jpg","contentUrl":"https:\/\/conchisbeauty.com\/wp-content\/uploads\/2022\/12\/main-home-single-img-01.jpg","width":1000,"height":601,"caption":"s"},{"@type":"BreadcrumbList","@id":"https:\/\/conchisbeauty.com\/?page_id=1645#breadcrumb","itemListElement":[{"@type":"ListItem","position":1,"name":"Home","item":"https:\/\/conchisbeauty.com\/"},{"@type":"ListItem","position":2,"name":"contact us"}]},{"@type":"WebSite","@id":"https:\/\/conchisbeauty.com\/#website","url":"https:\/\/conchisbeauty.com\/","name":"conchis beauty","description":"","potentialAction":[{"@type":"SearchAction","target":{"@type":"EntryPoint","urlTemplate":"https:\/\/conchisbeauty.com\/?s={search_term_string}"},"query-input":{"@type":"PropertyValueSpecification","valueRequired":true,"valueName":"search_term_string"}}],"inLanguage":"en-US"}]}},"_links":{"self":[{"href":"https:\/\/conchisbeauty.com\/index.php?rest_route=\/wp\/v2\/pages\/1645","targetHints":{"allow":["GET"]}}],"collection":[{"href":"https:\/\/conchisbeauty.com\/index.php?rest_route=\/wp\/v2\/pages"}],"about":[{"href":"https:\/\/conchisbeauty.com\/index.php?rest_route=\/wp\/v2\/types\/page"}],"author":[{"embeddable":true,"href":"https:\/\/conchisbeauty.com\/index.php?rest_route=\/wp\/v2\/users\/1"}],"replies":[{"embeddable":true,"href":"https:\/\/conchisbeauty.com\/index.php?rest_route=%2Fwp%2Fv2%2Fcomments&post=1645"}],"version-history":[{"count":38,"href":"https:\/\/conchisbeauty.com\/index.php?rest_route=\/wp\/v2\/pages\/1645\/revisions"}],"predecessor-version":[{"id":4670,"href":"https:\/\/conchisbeauty.com\/index.php?rest_route=\/wp\/v2\/pages\/1645\/revisions\/4670"}],"wp:attachment":[{"href":"https:\/\/conchisbeauty.com\/index.php?rest_route=%2Fwp%2Fv2%2Fmedia&parent=1645"}],"curies":[{"name":"wp","href":"https:\/\/api.w.org\/{rel}","templated":true}]}}